{"id":110,"date":"2018-10-18T02:24:20","date_gmt":"2018-10-18T02:24:20","guid":{"rendered":"https:\/\/woostify.com\/demos\/fashion1\/?post_type=product&#038;p=110"},"modified":"2026-01-15T07:49:09","modified_gmt":"2026-01-14T23:49:09","slug":"chemises-habillees-slim","status":"publish","type":"product","link":"https:\/\/tyiai.com\/fr\/product\/chemises-habillees-slim\/","title":{"rendered":"Rhumato\u00efde"},"content":{"rendered":"<div class=\"woocommerce-product-details__short-description\">\n<div class=\"woocommerce-product-details__short-description\">\n<p><strong>Essence v\u00e9g\u00e9tale pure<\/strong><br \/>\n<strong>Voici une lettre de remerciement<\/strong><\/p>\n<p>&nbsp;<\/p>\n<p>&nbsp;<\/p>\n<p class=\"ds-markdown-paragraph\"><strong>Lettre aux laboratoires TYIAI<\/strong><\/p>\n<p class=\"ds-markdown-paragraph\">\u00c0 l'\u00e9quipe de TYIAI Labs,<\/p>\n<p class=\"ds-markdown-paragraph\">Je tape ces mots d'une main ferme - quelque chose de si simple, et pourtant, au cours des sept derni\u00e8res ann\u00e9es, cela m'a sembl\u00e9 \u00eatre un r\u00eave impossible.<\/p>\n<p class=\"ds-markdown-paragraph\">Tout a commenc\u00e9 \u00e0 l'hiver 2016. J'avais 28 ans, et c'\u00e9tait comme si ma vie s'\u00e9tait divis\u00e9e en deux. D'abord, mon index droit se raidissait le matin, comme une brindille gel\u00e9e. Je devais le tremper dans de l'eau chaude pendant une demi-heure pour pouvoir le plier. Je pensais qu'il s'agissait simplement d'\u00e9puisement - jusqu'\u00e0 ce que mes genoux commencent \u00e0 me r\u00e9veiller la nuit avec des douleurs aigu\u00ebs et profondes. Le jour o\u00f9 j'ai \u00e9t\u00e9 diagnostiqu\u00e9e, le rhumatologue a examin\u00e9 mes analyses sanguines et m'a dit, presque trop calmement : \u201cPolyarthrite rhumato\u00efde. Vos anticorps anti-CCP sont tr\u00e8s \u00e9lev\u00e9s\u201d.\u201d<\/p>\n<p class=\"ds-markdown-paragraph\"><strong>La premi\u00e8re ann\u00e9e, j'ai perdu mon emploi.<\/strong><br \/>\nMes doigts ont gonfl\u00e9 comme de la p\u00e2te. Je ne pouvais pas tenir une souris. En tant que graphiste, mes mains \u00e9taient tout ce qu'il y avait \u00e0 faire. Le jour o\u00f9 j'ai arr\u00eat\u00e9, j'ai rang\u00e9 mes crayons comme si j'enterrais une partie de moi-m\u00eame. Pr\u00e8s de $3 000 par mois en m\u00e9dicaments - Methotrexate, Leflunomide, Plaquenil, analg\u00e9siques. Les effets secondaires se font durement sentir : naus\u00e9es, perte de cheveux, probl\u00e8mes de foie. Et le pire ? L'inflammation visible sur mon IRM - \u0153d\u00e8me osseux et synovite - n'a jamais vraiment disparu.<\/p>\n<p class=\"ds-markdown-paragraph\"><strong>La troisi\u00e8me ann\u00e9e, je pouvais \u00e0 peine marcher.<\/strong><br \/>\nAu pire, mes deux genoux \u00e9taient gonfl\u00e9s de liquide. Mon mari devait me porter pour monter et descendre les escaliers. Mes poignets ont commenc\u00e9 \u00e0 se d\u00e9former - on parle de doigts en \u201ccol de cygne\u201d. Un soir de pluie, j'ai voulu me lever pour aller chercher de l'eau et je suis tomb\u00e9e sur le sol du salon. Allong\u00e9e dans le noir, recroquevill\u00e9e sur elle-m\u00eame, j'ai vraiment compris ce que signifiait \u201cvivre l'enfer\u201d. C'est \u00e0 peu pr\u00e8s \u00e0 la m\u00eame \u00e9poque qu'on m'a diagnostiqu\u00e9 une d\u00e9pression. J'ai pens\u00e9 \u00e0 abandonner - vraiment.<\/p>\n<p class=\"ds-markdown-paragraph\"><strong>Puis, la cinqui\u00e8me ann\u00e9e, je t'ai trouv\u00e9e.<\/strong><br \/>\nC'\u00e9tait dans un coin d'un groupe de soutien en ligne, un endroit o\u00f9 l'espoir \u00e9tait mince. Au d\u00e9but, je ne lui faisais pas confiance - j'avais pass\u00e9 plus d'un an dans un groupe d'entraide en ligne. <strong>Des dizaines de milliers de dollars<\/strong> sur des \u201crem\u00e8des miracles\u201d qui ont aggrav\u00e9 ma situation. Mais une femme qui a v\u00e9cu avec la PR pendant vingt ans a \u00e9crit : \u201cAu moins, ils \u00e9coutent\u201d.\u201d<\/p>\n<p class=\"ds-markdown-paragraph\">Lors de ma premi\u00e8re consultation, votre sp\u00e9cialiste a pass\u00e9 deux heures \u00e0 \u00e9couter mon histoire, dans les moindres d\u00e9tails, sans me presser ni me juger. Vous n'avez pas promis de gu\u00e9rison. Vous m'avez simplement dit : \u201cEssayons quelque chose de diff\u00e9rent. Soutenons votre corps d'une nouvelle mani\u00e8re.\u201d<\/p>\n<p class=\"ds-markdown-paragraph\"><strong>Les changements sont arriv\u00e9s lentement mais s\u00fbrement.<\/strong><br \/>\nLe premier mois o\u00f9 j'ai pris des extraits de plantes et suivi une th\u00e9rapie physique guid\u00e9e, la diff\u00e9rence \u00e9tait minime - ma raideur matinale s'est raccourcie de 15 minutes seulement.<\/p>\n<p class=\"ds-markdown-paragraph\">Le troisi\u00e8me mois, par un matin sec, je me suis r\u00e9veill\u00e9 et j'ai pu plier mes doigts librement. Je me suis assise dans mon lit, ouvrant et fermant mes mains, pleurant comme un enfant devant un nouveau jouet.<\/p>\n<p class=\"ds-markdown-paragraph\">Au bout de six mois, mon radiologue m'a dit : \u201cVotre \u0153d\u00e8me osseux a diminu\u00e9 de 30%\u201d. M\u00eame mon rhumatologue a souri \u00e0 la lecture de mon rapport.<\/p>\n<p class=\"ds-markdown-paragraph\"><strong>Aujourd'hui, c'est le 400e jour sans m\u00e9dicaments.<\/strong><br \/>\nMes mains portent encore les traces de ce voyage - de douces courbes fa\u00e7onn\u00e9es par le temps et la maladie. Mais elles ne font pas mal. Elles ne gonflent pas. J'ai repris mon pinceau. Je suis plus lente maintenant, mais chaque coup de pinceau est r\u00e9gulier. Le mois dernier, j'ai termin\u00e9 un paysage pour l'anniversaire de mon mari - des montagnes per\u00e7ant les nuages, et en bas, j'ai \u00e9crit : \u201cLa douleur \u00e9tait une montagne. Maintenant, c'est la route.\u201d<\/p>\n<p class=\"ds-markdown-paragraph\">Je sais que la PR ne peut pas \u00eatre \u201cgu\u00e9rie\u201d. Mais vous m'avez appris un meilleur mot :\u00a0<strong>acceptation<\/strong>. Je n'ai pas c\u00e9d\u00e9 \u00e0 la maladie, mais j'ai fait la paix avec mon corps et cette vie imparfaite. Vous ne m'avez pas seulement donn\u00e9 un plan de traitement, vous m'avez donn\u00e9 de la compr\u00e9hension. Vous avez compris la douleur qui s'enfonce dans les os, les ruptures invisibles, le courage qu'il faut pour affronter une matin\u00e9e de raideur.<\/p>\n<p class=\"ds-markdown-paragraph\">Sur les forums, j'ai rencontr\u00e9 d'autres personnes comme moi - la jeune femme de 24 ans inqui\u00e8te \u00e0 l'id\u00e9e de manger de la glace, la s\u0153ur d'une quarantaine d'ann\u00e9es avec des proth\u00e8ses de hanche, l'homme aux mains tordues qui offre toujours du r\u00e9confort. Nous nous sommes trouv\u00e9s gr\u00e2ce \u00e0 TYIAI. Nous partageons plus que des conseils - nous partageons cette chaleur \u201cje comprends\u201d. Ici, nous n'avons pas besoin de faire semblant d'\u00eatre forts. Il n'y a pas de mal \u00e0 \u00eatre fragile.<\/p>\n<p class=\"ds-markdown-paragraph\">Devant ma fen\u00eatre, les arbres perdent \u00e0 nouveau leurs feuilles. Avant, je redoutais l'automne - le froid humide \u00e9tait un d\u00e9clencheur. Aujourd'hui, je me pr\u00e9pare une tisane et je fais tourner la tasse dans mes mains, sentant chaque doigt bouger librement.<\/p>\n<p class=\"ds-markdown-paragraph\">Merci \u00e0 tous les collaborateurs de TYIAI.<br \/>\nMerci pour la recherche, jour apr\u00e8s jour, nuit apr\u00e8s nuit.<br \/>\nMerci d'\u00e9couter les voix noy\u00e9es dans la douleur.<br \/>\nMerci d'avoir fait de l\u201c\u201dabsence de douleur\" quelque chose que je peux dire facilement maintenant - non pas un souhait, mais ma normalit\u00e9.<br \/>\nMerci de m'avoir appris \u00e0 esp\u00e9rer \u00e0 nouveau - non pas que la maladie disparaisse, mais que les matins soient paisibles, les uns apr\u00e8s les autres.<\/p>\n<p class=\"ds-markdown-paragraph\">Avec toute ma gratitude,<\/p>\n<p class=\"ds-markdown-paragraph\">Une femme qui a appris \u00e0 danser avec la douleur<\/p>\n<\/div>\n<\/div>\n<p>&nbsp;<\/p>\n<p>&nbsp;<\/p>\n<div class=\"woocommerce-product-details__short-description\">\n<div class=\"woocommerce-product-details__short-description\">\n<p class=\"ds-markdown-paragraph\">Nous vous informons que nos produits ne conviennent pas aux personnes ayant subi des interventions chirurgicales. Compte tenu des d\u00e9penses \u00e9lev\u00e9es et des longs d\u00e9lais n\u00e9cessaires, nous refusons g\u00e9n\u00e9ralement les clients ayant des ant\u00e9c\u00e9dents chirurgicaux.<\/p>\n<\/div>\n<\/div>","protected":false},"excerpt":{"rendered":"<p><strong>Douleur dans les doigts ou les orteils ; Douleur dans les articulations<\/strong><\/p>","protected":false},"featured_media":5162,"comment_status":"open","ping_status":"closed","template":"","meta":[],"product_brand":[],"product_cat":[44],"product_tag":[43,39,45],"class_list":{"0":"post-110","1":"product","2":"type-product","3":"status-publish","4":"has-post-thumbnail","6":"product_cat-pain","7":"product_tag-effective","8":"product_tag-fast","9":"product_tag-without-side-effects","11":"first","12":"instock","13":"sale","14":"shipping-taxable","15":"purchasable","16":"product-type-simple"},"aioseo_notices":[],"_links":{"self":[{"href":"https:\/\/tyiai.com\/fr\/wp-json\/wp\/v2\/product\/110","targetHints":{"allow":["GET"]}}],"collection":[{"href":"https:\/\/tyiai.com\/fr\/wp-json\/wp\/v2\/product"}],"about":[{"href":"https:\/\/tyiai.com\/fr\/wp-json\/wp\/v2\/types\/product"}],"replies":[{"embeddable":true,"href":"https:\/\/tyiai.com\/fr\/wp-json\/wp\/v2\/comments?post=110"}],"wp:featuredmedia":[{"embeddable":true,"href":"https:\/\/tyiai.com\/fr\/wp-json\/wp\/v2\/media\/5162"}],"wp:attachment":[{"href":"https:\/\/tyiai.com\/fr\/wp-json\/wp\/v2\/media?parent=110"}],"wp:term":[{"taxonomy":"product_brand","embeddable":true,"href":"https:\/\/tyiai.com\/fr\/wp-json\/wp\/v2\/product_brand?post=110"},{"taxonomy":"product_cat","embeddable":true,"href":"https:\/\/tyiai.com\/fr\/wp-json\/wp\/v2\/product_cat?post=110"},{"taxonomy":"product_tag","embeddable":true,"href":"https:\/\/tyiai.com\/fr\/wp-json\/wp\/v2\/product_tag?post=110"}],"curies":[{"name":"wp","href":"https:\/\/api.w.org\/{rel}","templated":true}]}}