{"id":110,"date":"2018-10-18T02:24:20","date_gmt":"2018-10-18T02:24:20","guid":{"rendered":"https:\/\/woostify.com\/demos\/fashion1\/?post_type=product&#038;p=110"},"modified":"2026-01-15T07:49:09","modified_gmt":"2026-01-14T23:49:09","slug":"slim-fit-hemden","status":"publish","type":"product","link":"https:\/\/tyiai.com\/de\/product\/slim-fit-hemden\/","title":{"rendered":"Rheumatoid"},"content":{"rendered":"<div class=\"woocommerce-product-details__short-description\">\n<div class=\"woocommerce-product-details__short-description\">\n<p><strong>Reine Pflanzenessenz<\/strong><br \/>\n<strong>Nachstehend finden Sie ein Anerkennungsschreiben<\/strong><\/p>\n<p>&nbsp;<\/p>\n<p>&nbsp;<\/p>\n<p class=\"ds-markdown-paragraph\"><strong>Ein Brief an TYIAI Labs<\/strong><\/p>\n<p class=\"ds-markdown-paragraph\">An das Team von TYIAI Labs,<\/p>\n<p class=\"ds-markdown-paragraph\">Ich tippe diese Worte mit ruhigen Fingern - etwas so Einfaches, das sich in den letzten sieben Jahren wie ein unm\u00f6glicher Traum anf\u00fchlte.<\/p>\n<p class=\"ds-markdown-paragraph\">Es begann alles im Winter 2016. Ich war 28 und es war, als ob sich mein Leben in zwei Teile spaltete. Zuerst wurde mein rechter Zeigefinger morgens steif, wie ein gefrorener Zweig. Ich musste ihn eine halbe Stunde lang in warmes Wasser tauchen, um ihn zu biegen. Ich dachte, es sei nur Ersch\u00f6pfung - bis meine Knie anfingen, mich nachts mit scharfen, tiefen Schmerzen aufzuwecken. An dem Tag, an dem die Diagnose gestellt wurde, sah sich der Rheumatologe meine Blutwerte an und sagte fast zu ruhig: \u201cRheumatoide Arthritis. Ihre CCP-Antik\u00f6rper sind sehr hoch.\u201d<\/p>\n<p class=\"ds-markdown-paragraph\"><strong>Im ersten Jahr habe ich meinen Job verloren.<\/strong><br \/>\nMeine Finger schwollen an wie Teig. Ich konnte keine Maus halten. Als Grafikdesigner waren meine H\u00e4nde alles. An dem Tag, an dem ich aufh\u00f6rte, packte ich meine Zeichenstifte weg, als w\u00fcrde ich einen Teil von mir selbst begraben. Fast $3.000 pro Monat an Medikamenten - Methotrexat, Leflunomid, Plaquenil, Schmerzmittel. Die Nebenwirkungen waren heftig: \u00dcbelkeit, Haarausfall, Leberprobleme. Und das Schlimmste daran? Die Entz\u00fcndungen auf meinem MRT - Knochen\u00f6deme und Synovitis - sind nie wirklich verschwunden.<\/p>\n<p class=\"ds-markdown-paragraph\"><strong>Im dritten Jahr konnte ich kaum noch laufen.<\/strong><br \/>\nZu meinem schlimmsten Zeitpunkt waren beide Knie mit Fl\u00fcssigkeit angeschwollen. Mein Mann musste mich die Treppe rauf und runter tragen. Meine Handgelenke begannen sich zu verformen - \u201cSchwanenhals\u201d-Finger, wie sie es nennen. In einer regnerischen Nacht wollte ich aufstehen, um Wasser zu holen, und fiel auf den Boden im Wohnzimmer. Als ich dort im Dunkeln zusammengerollt lag, verstand ich erst so richtig, was \u201cH\u00f6lle des Lebens\u201d bedeutet. Etwa zur gleichen Zeit wurde bei mir eine Depression diagnostiziert. Ich dachte daran, aufzugeben - wirklich, das tat ich.<\/p>\n<p class=\"ds-markdown-paragraph\"><strong>Dann, im f\u00fcnften Jahr, habe ich dich gefunden.<\/strong><br \/>\nSie befand sich in einer Ecke einer Online-Selbsthilfegruppe, einem Ort, an dem die Hoffnung d\u00fcnn war. Zuerst traute ich ihr nicht - ich hatte <strong>Zehntausende von Dollar<\/strong> von \u201cWundermitteln\u201d, die mich noch schlechter dastehen lie\u00dfen. Aber eine Frau, die seit zwanzig Jahren mit RA lebt, schrieb: \u201cWenigstens h\u00f6ren sie zu.\u201d<\/p>\n<p class=\"ds-markdown-paragraph\">Bei meiner ersten Konsultation nahm sich Ihr Spezialist zwei Stunden Zeit, um sich meine Geschichte anzuh\u00f6ren - jedes Detail, ohne zu dr\u00e4ngen oder zu urteilen. Sie haben keine Heilung versprochen. Sie sagten nur: \u201cLassen Sie uns etwas anderes ausprobieren. Lassen Sie uns Ihren K\u00f6rper auf eine neue Art und Weise unterst\u00fctzen.\u201d<\/p>\n<p class=\"ds-markdown-paragraph\"><strong>Die Ver\u00e4nderungen kamen langsam aber sicher.<\/strong><br \/>\nIm ersten Monat mit Ihren Pflanzenextrakten und der angeleiteten Physiotherapie war der Unterschied winzig - meine Morgensteifigkeit verk\u00fcrzte sich um gerade einmal 15 Minuten.<\/p>\n<p class=\"ds-markdown-paragraph\">Im dritten Monat, an einem trockenen Morgen, wachte ich auf und konnte meine Finger frei biegen. Ich sa\u00df im Bett, \u00f6ffnete und schloss meine H\u00e4nde und weinte wie ein Kind mit einem neuen Spielzeug.<\/p>\n<p class=\"ds-markdown-paragraph\">Nach sechs Monaten sagte mein Radiologe: \u201cIhr Knochen\u00f6dem hat sich um 30% verringert.\u201d Selbst mein Rheumatologe l\u00e4chelte \u00fcber meinen Bericht.<\/p>\n<p class=\"ds-markdown-paragraph\"><strong>Heute ist Tag 400 ohne Medikamente.<\/strong><br \/>\nMeine H\u00e4nde zeigen immer noch Spuren dieser Reise - sanfte Kurven, die von Zeit und Krankheit geformt wurden. Aber sie tun nicht weh. Sie schwellen nicht an. Ich habe meinen Pinsel wieder in die Hand genommen. Ich bin jetzt langsamer, aber jeder Strich ist gleichm\u00e4\u00dfig. Letzten Monat habe ich zum Geburtstag meines Mannes ein Landschaftsgem\u00e4lde fertiggestellt - Berge, die sich durch die Wolken bohren, und am unteren Rand habe ich geschrieben: \u201cDer Schmerz war ein Berg. Jetzt ist es die Stra\u00dfe.\u201d<\/p>\n<p class=\"ds-markdown-paragraph\">Ich wei\u00df, dass RA nicht \u201cgeheilt\u201d werden kann. Aber Sie haben mich ein besseres Wort gelehrt:\u00a0<strong>Akzeptanz<\/strong>. Ich habe nicht vor der Krankheit kapituliert, sondern Frieden mit meinem K\u00f6rper und diesem unvollkommenen Leben geschlossen. Du hast mir nicht nur einen Behandlungsplan gegeben - du hast mir Verst\u00e4ndnis entgegengebracht. Du hast den Schmerz verstanden, der tief in die Knochen geht, die unsichtbaren Zusammenbr\u00fcche, den Mut, den es braucht, um einen steifen Morgen zu erleben.<\/p>\n<p class=\"ds-markdown-paragraph\">In den Foren habe ich Gleichgesinnte kennengelernt - die 24-J\u00e4hrige, die sich Sorgen macht, weil sie kein Eis essen kann, die Schwester in den Vierzigern, die eine H\u00fcftprothese hat, und den Mann mit den verkr\u00fcmmten H\u00e4nden, der immer noch Trost spendet. Wir haben uns \u00fcber TYIAI gefunden. Wir teilen mehr als nur Tipps - wir teilen diese \u201cIch verstehe es\u201d-W\u00e4rme. Hier m\u00fcssen wir nicht so tun, als ob wir stark w\u00e4ren. Es ist okay, zerbrechlich zu sein.<\/p>\n<p class=\"ds-markdown-paragraph\">Drau\u00dfen vor meinem Fenster verlieren die B\u00e4ume wieder ihre Bl\u00e4tter. Fr\u00fcher habe ich den Herbst gef\u00fcrchtet - die feuchte K\u00e4lte war ein Ausl\u00f6ser. Jetzt mache ich mir eine Tasse Kr\u00e4utertee, drehe die Tasse in meinen H\u00e4nden und sp\u00fcre, wie sich jeder Finger frei bewegt.<\/p>\n<p class=\"ds-markdown-paragraph\">Vielen Dank - an alle Mitarbeiter von TYIAI.<br \/>\nIch danke Ihnen f\u00fcr Ihre Forschungsarbeit, Tag f\u00fcr Tag, Nacht f\u00fcr Nacht.<br \/>\nDanke, dass Sie den Stimmen zuh\u00f6ren, die vom Schmerz \u00fcbert\u00f6nt werden.<br \/>\nIch danke Ihnen, dass ich \u201ckeine Schmerzen\u201d jetzt einfach sagen kann - kein Wunsch, sondern meine Normalit\u00e4t.<br \/>\nDanke, dass Sie mich gelehrt haben, wieder zu hoffen - nicht darauf, dass die Krankheit verschwindet, sondern auf friedliche Morgen, einen nach dem anderen.<\/p>\n<p class=\"ds-markdown-paragraph\">Mit all meiner Dankbarkeit,<\/p>\n<p class=\"ds-markdown-paragraph\">Eine Frau, die gelernt hat, mit dem Schmerz zu tanzen<\/p>\n<\/div>\n<\/div>\n<p>&nbsp;<\/p>\n<p>&nbsp;<\/p>\n<div class=\"woocommerce-product-details__short-description\">\n<div class=\"woocommerce-product-details__short-description\">\n<p class=\"ds-markdown-paragraph\">Bitte beachten Sie, dass unsere Produkte f\u00fcr Personen, die sich einem chirurgischen Eingriff unterzogen haben, nicht geeignet sind. In Anbetracht der hohen Kosten und des langen Zeitrahmens lehnen wir Kunden mit einer chirurgischen Vorgeschichte generell ab.<\/p>\n<\/div>\n<\/div>","protected":false},"excerpt":{"rendered":"<p><strong>Schmerzen in Fingern oder Zehen; Gelenkschmerzen<\/strong><\/p>","protected":false},"featured_media":5162,"comment_status":"open","ping_status":"closed","template":"","meta":[],"product_brand":[],"product_cat":[44],"product_tag":[43,39,45],"class_list":{"0":"post-110","1":"product","2":"type-product","3":"status-publish","4":"has-post-thumbnail","6":"product_cat-pain","7":"product_tag-effective","8":"product_tag-fast","9":"product_tag-without-side-effects","11":"first","12":"instock","13":"sale","14":"shipping-taxable","15":"purchasable","16":"product-type-simple"},"aioseo_notices":[],"_links":{"self":[{"href":"https:\/\/tyiai.com\/de\/wp-json\/wp\/v2\/product\/110","targetHints":{"allow":["GET"]}}],"collection":[{"href":"https:\/\/tyiai.com\/de\/wp-json\/wp\/v2\/product"}],"about":[{"href":"https:\/\/tyiai.com\/de\/wp-json\/wp\/v2\/types\/product"}],"replies":[{"embeddable":true,"href":"https:\/\/tyiai.com\/de\/wp-json\/wp\/v2\/comments?post=110"}],"wp:featuredmedia":[{"embeddable":true,"href":"https:\/\/tyiai.com\/de\/wp-json\/wp\/v2\/media\/5162"}],"wp:attachment":[{"href":"https:\/\/tyiai.com\/de\/wp-json\/wp\/v2\/media?parent=110"}],"wp:term":[{"taxonomy":"product_brand","embeddable":true,"href":"https:\/\/tyiai.com\/de\/wp-json\/wp\/v2\/product_brand?post=110"},{"taxonomy":"product_cat","embeddable":true,"href":"https:\/\/tyiai.com\/de\/wp-json\/wp\/v2\/product_cat?post=110"},{"taxonomy":"product_tag","embeddable":true,"href":"https:\/\/tyiai.com\/de\/wp-json\/wp\/v2\/product_tag?post=110"}],"curies":[{"name":"wp","href":"https:\/\/api.w.org\/{rel}","templated":true}]}}